{"id":10354,"date":"2021-04-29T11:51:30","date_gmt":"2021-04-29T10:51:30","guid":{"rendered":"https:\/\/clab.de\/history\/"},"modified":"2021-04-29T11:51:30","modified_gmt":"2021-04-29T10:51:30","slug":"history","status":"publish","type":"page","link":"https:\/\/clab.de\/en\/history\/","title":{"rendered":"History"},"content":{"rendered":"\n\n\n\n<p><\/p>\n\n\n\n<p>Wie viele Tonnen gelabelter Arbeitskleidung landen j\u00e4hrlich im Container, weil ein Kollege k\u00fcndigt und sein Nachfolger einfach nur eine andere Gr\u00f6\u00dfe ben\u00f6tigt? Oder wie viele Subunternehmen bekommen Arbeitskleidung gestellt, w\u00fcrden diese gern mit ihrem eigenen Logo branden, d\u00fcrfen es aber nicht?<\/p>\n\n\n\n<p>Wir wissen es auch nicht. Aber wir haben mit Unternehmern gesprochen, die genau darauf \u2013 und einige andere Anwendungsf\u00e4lle \u2013 Antworten suchen. Allein schon aus betriebswirtschaftlicher Sicht. Und aus Gr\u00fcnden der Nachhaltigkeit.<\/p>\n\n\n\n<p>Wenn man also jedes beliebige Kleidungsst\u00fcck mit dem Firmenlogo oder dem Namen des Mitarbeiters so labeln kann, dass es dabei nicht besch\u00e4digt wird und wiederverwendbar bleibt, ist vielen geholfen. Wenn dieses Label noch dazu alle Stilfragen kl\u00e4rt, regional hergestellt wird und der Gestaltung Freiraum l\u00e4sst, dann kann das nur funktionieren. Das CLAB war \u00bbgeboren\u00ab.<\/p>\n\n\n\n\n\n<figure class=\"wp-block-image size-large is-resized mt-4\"><img decoding=\"async\" src=\"https:\/\/clab.rangundnamen.de\/wp-content\/uploads\/2020\/09\/CLAB-Produktbild-1@2x.png\" alt=\"clab\" class=\"wp-image-140\" width=\"220\"\/><\/figure>\n\n\n\n<div style=\"height:100px\" aria-hidden=\"true\" class=\"wp-block-spacer\"><\/div>\n\n\n\n\n<h3 class=\"wp-block-heading\"><strong><strong>Hinter einem cleveren Produkt<\/strong><\/strong><br\/><strong><strong>stecken immer schlaue K\u00f6pfe.<\/strong><\/strong><\/h3>\n\n\n\n<p>Im CLAB-Team ist jede und jeder eine Marke f\u00fcr sich. Ganz zu deinen Gunsten. Schau einfach mal, wer die sch\u00f6ne Stimme am Telefon ist oder wer daf\u00fcr sorgt, dass jede Naht sitzt, deine Gestaltungsidee perfekt umgesetzt wird und dass dein CLAB nach wenigen Tagen bei dir am Sakko heftet.<\/p>\n\n\n\n\n\n\n<div style=\"height:100px\" aria-hidden=\"true\" class=\"wp-block-spacer\"><\/div>\n\n\n\n\n\n\n<h3 class=\"wp-block-heading\"><strong>Handgefertigt in Chemnitz.<\/strong><br\/><strong>Und in h\u00f6chster Qualit\u00e4t.<\/strong><\/h3>\n\n\n\n<p>Die CLAB-Manufaktur sitzt im Herzen Sachsens. Genauer gesagt: in Chemnitz auf dem wundersch\u00f6nen Ka\u00dferg. Hier fertigt ein ausgew\u00e4hltes Team aus erfahrenen Unternehmern, gelernten Gestaltern und engagierten Menschen mit feinstem Fingerspitzengef\u00fchl jedes CLAB von Hand. Einzige Ausnahme: die N\u00e4hmaschine.<\/p>\n\n\n\n<p>Auch bei der Materialwahl haben wir unsere Finger im Spiel. Von Kunstleder bis Garn kommt alles aus der Region. F\u00fcr Verpackungen verzichten wir komplett auf Kunststoff. Und von jedem verkauften CLAB flie\u00dfen 50 Cent in soziale Projekte und den \u00f6rtlichen Klimaschutz.<\/p>\n\n\n\n","protected":false},"excerpt":{"rendered":"","protected":false},"author":3,"featured_media":29930,"parent":0,"menu_order":0,"comment_status":"closed","ping_status":"closed","template":"","meta":{"_acf_changed":false,"footnotes":""},"class_list":["post-10354","page","type-page","status-publish","has-post-thumbnail","hentry"],"acf":[],"_links":{"self":[{"href":"https:\/\/clab.de\/en\/wp-json\/wp\/v2\/pages\/10354","targetHints":{"allow":["GET"]}}],"collection":[{"href":"https:\/\/clab.de\/en\/wp-json\/wp\/v2\/pages"}],"about":[{"href":"https:\/\/clab.de\/en\/wp-json\/wp\/v2\/types\/page"}],"author":[{"embeddable":true,"href":"https:\/\/clab.de\/en\/wp-json\/wp\/v2\/users\/3"}],"replies":[{"embeddable":true,"href":"https:\/\/clab.de\/en\/wp-json\/wp\/v2\/comments?post=10354"}],"version-history":[{"count":0,"href":"https:\/\/clab.de\/en\/wp-json\/wp\/v2\/pages\/10354\/revisions"}],"wp:featuredmedia":[{"embeddable":true,"href":"https:\/\/clab.de\/en\/wp-json\/wp\/v2\/media\/29930"}],"wp:attachment":[{"href":"https:\/\/clab.de\/en\/wp-json\/wp\/v2\/media?parent=10354"}],"curies":[{"name":"wp","href":"https:\/\/api.w.org\/{rel}","templated":true}]}}