{"id":10393,"date":"2021-04-29T12:12:26","date_gmt":"2021-04-29T11:12:26","guid":{"rendered":"https:\/\/clab.de\/revocation-for-digital-content\/"},"modified":"2021-04-29T12:12:27","modified_gmt":"2021-04-29T11:12:27","slug":"revocation-for-digital-content","status":"publish","type":"page","link":"https:\/\/clab.de\/en\/revocation-for-digital-content\/","title":{"rendered":"Revocation for digital content"},"content":{"rendered":"\t\t<div data-elementor-type=\"wp-page\" data-elementor-id=\"10393\" class=\"elementor elementor-10393 elementor-182\" data-elementor-post-type=\"page\">\n\t\t\t\t\t\t<section class=\"elementor-section elementor-top-section elementor-element elementor-element-dbc7fa8 elementor-section-boxed elementor-section-height-default elementor-section-height-default\" data-id=\"dbc7fa8\" data-element_type=\"section\" data-e-type=\"section\" data-settings=\"{&quot;background_background&quot;:&quot;classic&quot;}\">\n\t\t\t\t\t\t<div class=\"elementor-container elementor-column-gap-default\">\n\t\t\t\t\t<div class=\"elementor-column elementor-col-100 elementor-top-column elementor-element elementor-element-190b609\" data-id=\"190b609\" data-element_type=\"column\" data-e-type=\"column\">\n\t\t\t<div class=\"elementor-widget-wrap elementor-element-populated\">\n\t\t\t\t\t\t<div class=\"elementor-element elementor-element-e582a44 elementor-widget elementor-widget-heading\" data-id=\"e582a44\" data-element_type=\"widget\" data-e-type=\"widget\" data-widget_type=\"heading.default\">\n\t\t\t\t<div class=\"elementor-widget-container\">\n\t\t\t\t\t<h2 class=\"elementor-heading-title elementor-size-default\">Revocation for digital content<\/h2>\t\t\t\t<\/div>\n\t\t\t\t<\/div>\n\t\t\t\t\t<\/div>\n\t\t<\/div>\n\t\t\t\t\t<\/div>\n\t\t<\/section>\n\t\t\t\t<section class=\"elementor-section elementor-top-section elementor-element elementor-element-106e4cef elementor-section-boxed elementor-section-height-default elementor-section-height-default\" data-id=\"106e4cef\" data-element_type=\"section\" data-e-type=\"section\">\n\t\t\t\t\t\t<div class=\"elementor-container elementor-column-gap-default\">\n\t\t\t\t\t<div class=\"elementor-column elementor-col-100 elementor-top-column elementor-element elementor-element-7a3a29f2\" data-id=\"7a3a29f2\" data-element_type=\"column\" data-e-type=\"column\">\n\t\t\t<div class=\"elementor-widget-wrap elementor-element-populated\">\n\t\t\t\t\t\t<div class=\"elementor-element elementor-element-5c5e2b86 elementor-widget elementor-widget-text-editor\" data-id=\"5c5e2b86\" data-element_type=\"widget\" data-e-type=\"widget\" data-widget_type=\"text-editor.default\">\n\t\t\t\t<div class=\"elementor-widget-container\">\n\t\t\t\t\t\t\t\t\t<p><strong>Haftungshinweis: Das nachstehende Muster ist von einem Rechtsanwalt (<a href=\"https:\/\/drschwenke.de\/\" rel=\"nofollow\" target=\"_blank\">https:\/\/drschwenke.de<\/a>) entsprechend den typischen Anforderungen eines Onlineshops erstellt worden.&nbsp;Jedoch sollten Sie das Muster nur&nbsp;nach sorgf\u00e4ltiger Pr\u00fcfung und Anpassung auf Ihr konkretes Gesch\u00e4ftsmodell verwenden. Das nachfolgende Muster enth\u00e4lt daher zus\u00e4tzliche Hinweise, die Sie beachten m\u00fcssen und rote Passagen, die Sie besonders pr\u00fcfen und ggf. anpassen m\u00fcssen. Bitte entfernen Sie die Hinweise nach der Bearbeitung. Lassen Sie sich im Zweifel rechtlich beraten. Urheberrecht: Sie d\u00fcrfen das Muster solange innerhalb der Domain\/Website nutzen, solange f\u00fcr diese auch Ihre Marketpress-Lizenz gilt. Weitergabe an Dritte, auch an Kunden (z.B. als Entwickler) ist nicht erlaubt.<\/strong><\/p>\n<h3>Belehrung \u00fcber das Widerrufsrecht f\u00fcr Verbraucher \u00fcber die Lieferung von digitalen Inhalten, die nicht auf einem k\u00f6rperlichen Datentr\u00e4ger geliefert werden (z.B. E-Book, Softwaredownload)<\/h3>\n<p><strong>Widerrufsbelehrung<\/strong><\/p>\n<p>Verbraucher ist jede nat\u00fcrliche Person, die ein Rechtsgesch\u00e4ft zu Zwecken abschlie\u00dft, die \u00fcberwiegend weder ihrer gewerblichen noch ihrer selbst\u00e4ndigen beruflichen T\u00e4tigkeit zugerechnet werden k\u00f6nnen.<\/p>\n<p><strong>Widerrufsrecht<\/strong><\/p>\n<p>Sie haben das Recht, binnen vierzehn Tagen ohne Angabe von Gr\u00fcnden diesen Vertrag zu widerrufen. Die Widerrufsfrist betr\u00e4gt vierzehn Tage ab dem Tag des Vertragsschlusses. Um Ihr Widerrufsrecht auszu\u00fcben, m\u00fcssen Sie uns ([Einsetzen: Namen\/Firma, Anschrift des Widerrufsadressaten, Telefonnummer, E-Mailadresse und, sofern vorhanden, die Telefaxnummer. Sie k\u00f6nnen auch den shortcode daf\u00fcr verwenden, und die Adresse in Einstellungen DE hinterlegen.]) mittels einer eindeutigen Erkl\u00e4rung (z.B. ein mit der Post versandter Brief, Telefax oder E-Mail) \u00fcber Ihren Entschluss, diesen Vertrag zu widerrufen, informieren. Sie k\u00f6nnen daf\u00fcr das beigef\u00fcgte Muster-Widerrufsformular verwenden, das jedoch nicht vorgeschrieben ist. Zur Wahrung der Widerrufsfrist reicht es aus, dass Sie die Mitteilung \u00fcber die Aus\u00fcbung des Widerrufsrechts vor Ablauf der Widerrufsfrist absenden.<\/p>\n<p><strong>Folgen des Widerrufs<\/strong><br \/>\nWenn Sie diesen Vertrag widerrufen, haben wir Ihnen alle Zahlungen, die wir von Ihnen erhalten haben, einschlie\u00dflich der Lieferkosten (mit Ausnahme der zus\u00e4tzlichen Kosten, die sich daraus ergeben, dass Sie eine andere Art der Lieferung als die von uns angebotene, g\u00fcnstigste Standardlieferung gew\u00e4hlt haben), unverz\u00fcglich und sp\u00e4testens binnen vierzehn Tagen ab dem Tag zur\u00fcckzuzahlen, an dem die Mitteilung \u00fcber Ihren Widerruf dieses Vertrags bei uns eingegangen ist. F\u00fcr diese R\u00fcckzahlung verwenden wir dasselbe Zahlungsmittel, das Sie bei der urspr\u00fcnglichen Transaktion eingesetzt haben, es sei denn, mit Ihnen wurde ausdr\u00fccklich etwas anderes vereinbart; in keinem Fall werden Ihnen wegen dieser R\u00fcckzahlung Entgelte berechnet.<\/p>\n<p><strong>Muster-Widerrufsformular<\/strong><\/p>\n<p>(Wenn Sie den Vertrag widerrufen wollen, dann f\u00fcllen Sie bitte dieses Formular aus und senden Sie es zur\u00fcck.)<br \/>\n\u2013 An [Einsetzen: Namen\/Firma, Anschrift des Widerrufsadressaten, E-Mailadresse und, sofern vorhanden, die Telefaxnummer.]:<br \/>\n\u2013 Hiermit widerrufe(n) ich\/wir (*) den von mir\/uns (*) abgeschlossenen Vertrag \u00fcber den Kauf der folgenden Waren (*)\/ die Erbringung der folgenden Dienstleistung (*)<br \/>\n\u2013 Bestellt am (*)\/erhalten am (*)<br \/>\n\u2013 Name des\/der Verbraucher(s)<br \/>\n\u2013 Anschrift des\/der Verbraucher(s)<br \/>\n\u2013 Unterschrift des\/der Verbraucher(s) (nur bei Mitteilung auf Papier)<br \/>\n\u2013 Datum<br \/>\n\u2014\u2014\u2014\u2014\u2014\u2014\u2014\u2014\u2014\u2014\u2014\u2014\u2014&nbsp;<br \/>\n(*) Unzutreffendes streichen.<\/p>\n<p><strong>Ausschluss bzw. vorzeitiges Erl\u00f6schen des Widerrufsrechts<\/strong><br \/>\nDas Widerrufsrecht besteht nicht bei Vertr\u00e4gen zur Lieferung von digitalen Inhalten, die nicht vorgefertigt sind und f\u00fcr deren Herstellung eine individuelle Auswahl oder Bestimmung durch den Verbraucher ma\u00dfgeblich ist oder die eindeutig auf die pers\u00f6nlichen Bed\u00fcrfnisse des Verbrauchers zugeschnitten sind.<br \/>\nDas Widerrufsrecht erlischt vorzeitig, wenn wir mit der Ausf\u00fchrung des Vertrages erst begonnen haben, nachdem Sie dazu Ihre ausdr\u00fcckliche Zustimmung gegeben und gleichzeitig Ihre Kenntnis davon best\u00e4tigt haben, dass Sie Ihr Widerrufsrecht mit Beginn der Vertragserf\u00fcllung unsererseits verlieren. Wir weisen darauf hin, dass wir den Vertragsschluss von der vorgenannten Zustimmung und Best\u00e4tigung abh\u00e4ngig machen k\u00f6nnen.<\/p>\n\t\t\t\t\t\t\t\t<\/div>\n\t\t\t\t<\/div>\n\t\t\t\t\t<\/div>\n\t\t<\/div>\n\t\t\t\t\t<\/div>\n\t\t<\/section>\n\t\t\t\t<\/div>\n\t\t","protected":false},"excerpt":{"rendered":"<p>Haftungshinweis: Das nachstehende Muster ist von einem Rechtsanwalt (https:\/\/drschwenke.de) entsprechend den typischen Anforderungen eines Onlineshops erstellt worden.&nbsp;Jedoch sollten Sie das Muster nur&nbsp;nach sorgf\u00e4ltiger Pr\u00fcfung und Anpassung auf Ihr konkretes Gesch\u00e4ftsmodell verwenden. Das nachfolgende Muster enth\u00e4lt daher zus\u00e4tzliche Hinweise, die Sie beachten m\u00fcssen und rote Passagen, die Sie besonders pr\u00fcfen und ggf. anpassen m\u00fcssen. Bitte entfernen [&hellip;]<\/p>\n","protected":false},"author":3,"featured_media":29930,"parent":0,"menu_order":0,"comment_status":"closed","ping_status":"closed","template":"","meta":{"_acf_changed":false,"footnotes":""},"class_list":["post-10393","page","type-page","status-publish","has-post-thumbnail","hentry"],"acf":[],"yoast_head":"<!-- This site is optimized with the Yoast SEO plugin v26.9 - https:\/\/yoast.com\/product\/yoast-seo-wordpress\/ -->\n<title>Revocation for digital content - clab \u2013 Das erste magnetische Markenlabel der Welt<\/title>\n<meta name=\"robots\" content=\"index, follow, max-snippet:-1, max-image-preview:large, max-video-preview:-1\" \/>\n<link rel=\"canonical\" href=\"https:\/\/clab.de\/en\/revocation-for-digital-content\/\" \/>\n<meta property=\"og:locale\" content=\"en_US\" \/>\n<meta property=\"og:type\" content=\"article\" \/>\n<meta property=\"og:title\" content=\"Revocation for digital content - clab \u2013 Das erste magnetische Markenlabel der Welt\" \/>\n<meta property=\"og:description\" content=\"Haftungshinweis: Das nachstehende Muster ist von einem Rechtsanwalt (https:\/\/drschwenke.de) entsprechend den typischen Anforderungen eines Onlineshops erstellt worden.&nbsp;Jedoch sollten Sie das Muster nur&nbsp;nach sorgf\u00e4ltiger Pr\u00fcfung und Anpassung auf Ihr konkretes Gesch\u00e4ftsmodell verwenden. Das nachfolgende Muster enth\u00e4lt daher zus\u00e4tzliche Hinweise, die Sie beachten m\u00fcssen und rote Passagen, die Sie besonders pr\u00fcfen und ggf. anpassen m\u00fcssen. Bitte entfernen [&hellip;]\" \/>\n<meta property=\"og:url\" content=\"https:\/\/clab.de\/en\/revocation-for-digital-content\/\" \/>\n<meta property=\"og:site_name\" content=\"clab \u2013 Das erste magnetische Markenlabel der Welt\" \/>\n<meta property=\"article:publisher\" content=\"https:\/\/www.facebook.com\/clab.de\" \/>\n<meta property=\"article:modified_time\" content=\"2021-04-29T11:12:27+00:00\" \/>\n<meta name=\"twitter:card\" content=\"summary_large_image\" \/>\n<meta name=\"twitter:label1\" content=\"Est. reading time\" \/>\n\t<meta name=\"twitter:data1\" content=\"3 minutes\" \/>\n<script type=\"application\/ld+json\" class=\"yoast-schema-graph\">{\"@context\":\"https:\/\/schema.org\",\"@graph\":[{\"@type\":\"WebPage\",\"@id\":\"https:\/\/clab.de\/en\/revocation-for-digital-content\/\",\"url\":\"https:\/\/clab.de\/en\/revocation-for-digital-content\/\",\"name\":\"Revocation for digital content - clab \u2013 Das erste magnetische Markenlabel der Welt\",\"isPartOf\":{\"@id\":\"https:\/\/clab.de\/en\/#website\"},\"primaryImageOfPage\":{\"@id\":\"https:\/\/clab.de\/en\/revocation-for-digital-content\/#primaryimage\"},\"image\":{\"@id\":\"https:\/\/clab.de\/en\/revocation-for-digital-content\/#primaryimage\"},\"thumbnailUrl\":\"https:\/\/clab.de\/wp-content\/uploads\/2023\/09\/clab-Andreas-Knoop.png\",\"datePublished\":\"2021-04-29T11:12:26+00:00\",\"dateModified\":\"2021-04-29T11:12:27+00:00\",\"inLanguage\":\"en-US\",\"potentialAction\":[{\"@type\":\"ReadAction\",\"target\":[\"https:\/\/clab.de\/en\/revocation-for-digital-content\/\"]}]},{\"@type\":\"ImageObject\",\"inLanguage\":\"en-US\",\"@id\":\"https:\/\/clab.de\/en\/revocation-for-digital-content\/#primaryimage\",\"url\":\"https:\/\/clab.de\/wp-content\/uploads\/2023\/09\/clab-Andreas-Knoop.png\",\"contentUrl\":\"https:\/\/clab.de\/wp-content\/uploads\/2023\/09\/clab-Andreas-Knoop.png\",\"width\":500,\"height\":500},{\"@type\":\"WebSite\",\"@id\":\"https:\/\/clab.de\/en\/#website\",\"url\":\"https:\/\/clab.de\/en\/\",\"name\":\"clab \u2013 Das erste magnetische Markenlabel der Welt\",\"description\":\"clab ist magnetisch, individuell gestaltbar, nachhaltig und handgefertigt in Deutschland\",\"publisher\":{\"@id\":\"https:\/\/clab.de\/en\/#organization\"},\"potentialAction\":[{\"@type\":\"SearchAction\",\"target\":{\"@type\":\"EntryPoint\",\"urlTemplate\":\"https:\/\/clab.de\/en\/?s={search_term_string}\"},\"query-input\":{\"@type\":\"PropertyValueSpecification\",\"valueRequired\":true,\"valueName\":\"search_term_string\"}}],\"inLanguage\":\"en-US\"},{\"@type\":\"Organization\",\"@id\":\"https:\/\/clab.de\/en\/#organization\",\"name\":\"Clever Label GbR\",\"url\":\"https:\/\/clab.de\/en\/\",\"logo\":{\"@type\":\"ImageObject\",\"inLanguage\":\"en-US\",\"@id\":\"https:\/\/clab.de\/en\/#\/schema\/logo\/image\/\",\"url\":\"https:\/\/clab.de\/wp-content\/uploads\/2021\/03\/clever-label.png\",\"contentUrl\":\"https:\/\/clab.de\/wp-content\/uploads\/2021\/03\/clever-label.png\",\"width\":567,\"height\":152,\"caption\":\"Clever Label GbR\"},\"image\":{\"@id\":\"https:\/\/clab.de\/en\/#\/schema\/logo\/image\/\"},\"sameAs\":[\"https:\/\/www.facebook.com\/clab.de\",\"https:\/\/www.instagram.com\/clab.de\/\"]}]}<\/script>\n<!-- \/ Yoast SEO plugin. -->","yoast_head_json":{"title":"Revocation for digital content - clab \u2013 Das erste magnetische Markenlabel der Welt","robots":{"index":"index","follow":"follow","max-snippet":"max-snippet:-1","max-image-preview":"max-image-preview:large","max-video-preview":"max-video-preview:-1"},"canonical":"https:\/\/clab.de\/en\/revocation-for-digital-content\/","og_locale":"en_US","og_type":"article","og_title":"Revocation for digital content - clab \u2013 Das erste magnetische Markenlabel der Welt","og_description":"Haftungshinweis: Das nachstehende Muster ist von einem Rechtsanwalt (https:\/\/drschwenke.de) entsprechend den typischen Anforderungen eines Onlineshops erstellt worden.&nbsp;Jedoch sollten Sie das Muster nur&nbsp;nach sorgf\u00e4ltiger Pr\u00fcfung und Anpassung auf Ihr konkretes Gesch\u00e4ftsmodell verwenden. Das nachfolgende Muster enth\u00e4lt daher zus\u00e4tzliche Hinweise, die Sie beachten m\u00fcssen und rote Passagen, die Sie besonders pr\u00fcfen und ggf. anpassen m\u00fcssen. Bitte entfernen [&hellip;]","og_url":"https:\/\/clab.de\/en\/revocation-for-digital-content\/","og_site_name":"clab \u2013 Das erste magnetische Markenlabel der Welt","article_publisher":"https:\/\/www.facebook.com\/clab.de","article_modified_time":"2021-04-29T11:12:27+00:00","twitter_card":"summary_large_image","twitter_misc":{"Est. reading time":"3 minutes"},"schema":{"@context":"https:\/\/schema.org","@graph":[{"@type":"WebPage","@id":"https:\/\/clab.de\/en\/revocation-for-digital-content\/","url":"https:\/\/clab.de\/en\/revocation-for-digital-content\/","name":"Revocation for digital content - clab \u2013 Das erste magnetische Markenlabel der Welt","isPartOf":{"@id":"https:\/\/clab.de\/en\/#website"},"primaryImageOfPage":{"@id":"https:\/\/clab.de\/en\/revocation-for-digital-content\/#primaryimage"},"image":{"@id":"https:\/\/clab.de\/en\/revocation-for-digital-content\/#primaryimage"},"thumbnailUrl":"https:\/\/clab.de\/wp-content\/uploads\/2023\/09\/clab-Andreas-Knoop.png","datePublished":"2021-04-29T11:12:26+00:00","dateModified":"2021-04-29T11:12:27+00:00","inLanguage":"en-US","potentialAction":[{"@type":"ReadAction","target":["https:\/\/clab.de\/en\/revocation-for-digital-content\/"]}]},{"@type":"ImageObject","inLanguage":"en-US","@id":"https:\/\/clab.de\/en\/revocation-for-digital-content\/#primaryimage","url":"https:\/\/clab.de\/wp-content\/uploads\/2023\/09\/clab-Andreas-Knoop.png","contentUrl":"https:\/\/clab.de\/wp-content\/uploads\/2023\/09\/clab-Andreas-Knoop.png","width":500,"height":500},{"@type":"WebSite","@id":"https:\/\/clab.de\/en\/#website","url":"https:\/\/clab.de\/en\/","name":"clab \u2013 Das erste magnetische Markenlabel der Welt","description":"clab ist magnetisch, individuell gestaltbar, nachhaltig und handgefertigt in Deutschland","publisher":{"@id":"https:\/\/clab.de\/en\/#organization"},"potentialAction":[{"@type":"SearchAction","target":{"@type":"EntryPoint","urlTemplate":"https:\/\/clab.de\/en\/?s={search_term_string}"},"query-input":{"@type":"PropertyValueSpecification","valueRequired":true,"valueName":"search_term_string"}}],"inLanguage":"en-US"},{"@type":"Organization","@id":"https:\/\/clab.de\/en\/#organization","name":"Clever Label GbR","url":"https:\/\/clab.de\/en\/","logo":{"@type":"ImageObject","inLanguage":"en-US","@id":"https:\/\/clab.de\/en\/#\/schema\/logo\/image\/","url":"https:\/\/clab.de\/wp-content\/uploads\/2021\/03\/clever-label.png","contentUrl":"https:\/\/clab.de\/wp-content\/uploads\/2021\/03\/clever-label.png","width":567,"height":152,"caption":"Clever Label GbR"},"image":{"@id":"https:\/\/clab.de\/en\/#\/schema\/logo\/image\/"},"sameAs":["https:\/\/www.facebook.com\/clab.de","https:\/\/www.instagram.com\/clab.de\/"]}]}},"jetpack_sharing_enabled":true,"_links":{"self":[{"href":"https:\/\/clab.de\/en\/wp-json\/wp\/v2\/pages\/10393","targetHints":{"allow":["GET"]}}],"collection":[{"href":"https:\/\/clab.de\/en\/wp-json\/wp\/v2\/pages"}],"about":[{"href":"https:\/\/clab.de\/en\/wp-json\/wp\/v2\/types\/page"}],"author":[{"embeddable":true,"href":"https:\/\/clab.de\/en\/wp-json\/wp\/v2\/users\/3"}],"replies":[{"embeddable":true,"href":"https:\/\/clab.de\/en\/wp-json\/wp\/v2\/comments?post=10393"}],"version-history":[{"count":0,"href":"https:\/\/clab.de\/en\/wp-json\/wp\/v2\/pages\/10393\/revisions"}],"wp:featuredmedia":[{"embeddable":true,"href":"https:\/\/clab.de\/en\/wp-json\/wp\/v2\/media\/29930"}],"wp:attachment":[{"href":"https:\/\/clab.de\/en\/wp-json\/wp\/v2\/media?parent=10393"}],"curies":[{"name":"wp","href":"https:\/\/api.w.org\/{rel}","templated":true}]}}