{"id":11667,"date":"2021-06-09T12:05:14","date_gmt":"2021-06-09T11:05:14","guid":{"rendered":"https:\/\/clab.de\/sustainability\/"},"modified":"2021-10-01T10:16:29","modified_gmt":"2021-10-01T09:16:29","slug":"sustainability","status":"publish","type":"page","link":"https:\/\/clab.de\/en\/sustainability\/","title":{"rendered":"Sustainability"},"content":{"rendered":"\t\t<div data-elementor-type=\"wp-page\" data-elementor-id=\"11667\" class=\"elementor elementor-11667 elementor-11466\" data-elementor-post-type=\"page\">\n\t\t\t\t\t\t<section class=\"elementor-section elementor-top-section elementor-element elementor-element-a7e4696 elementor-section-height-min-height elementor-section-content-top elementor-section-boxed elementor-section-height-default elementor-section-items-middle\" data-id=\"a7e4696\" data-element_type=\"section\" data-e-type=\"section\" data-settings=\"{&quot;background_background&quot;:&quot;classic&quot;}\">\n\t\t\t\t\t\t\t<div class=\"elementor-background-overlay\"><\/div>\n\t\t\t\t\t\t\t<div class=\"elementor-container elementor-column-gap-default\">\n\t\t\t\t\t<div class=\"elementor-column elementor-col-100 elementor-top-column elementor-element elementor-element-99d6822\" data-id=\"99d6822\" data-element_type=\"column\" data-e-type=\"column\">\n\t\t\t<div class=\"elementor-widget-wrap elementor-element-populated\">\n\t\t\t\t\t\t<div class=\"elementor-element elementor-element-af5f3d2 elementor-widget elementor-widget-heading\" data-id=\"af5f3d2\" data-element_type=\"widget\" data-e-type=\"widget\" data-widget_type=\"heading.default\">\n\t\t\t\t<div class=\"elementor-widget-container\">\n\t\t\t\t\t<h1 class=\"elementor-heading-title elementor-size-default\">Sustainability<\/h1>\t\t\t\t<\/div>\n\t\t\t\t<\/div>\n\t\t\t\t<div class=\"elementor-element elementor-element-cddb41f elementor-widget elementor-widget-text-editor\" data-id=\"cddb41f\" data-element_type=\"widget\" data-e-type=\"widget\" data-widget_type=\"text-editor.default\">\n\t\t\t\t<div class=\"elementor-widget-container\">\n\t\t\t\t\t\t\t\t\t<div><span lang=\"EN-GB\">True craftsmanship.<\/span><\/div>\t\t\t\t\t\t\t\t<\/div>\n\t\t\t\t<\/div>\n\t\t\t\t\t<\/div>\n\t\t<\/div>\n\t\t\t\t\t<\/div>\n\t\t<\/section>\n\t\t\t\t<section class=\"elementor-section elementor-top-section elementor-element elementor-element-d37732e elementor-section-boxed elementor-section-height-default elementor-section-height-default\" data-id=\"d37732e\" data-element_type=\"section\" data-e-type=\"section\" data-settings=\"{&quot;background_background&quot;:&quot;classic&quot;}\">\n\t\t\t\t\t\t<div class=\"elementor-container elementor-column-gap-default\">\n\t\t\t\t\t<div class=\"elementor-column elementor-col-100 elementor-top-column elementor-element elementor-element-bbffb80\" data-id=\"bbffb80\" data-element_type=\"column\" data-e-type=\"column\">\n\t\t\t<div class=\"elementor-widget-wrap elementor-element-populated\">\n\t\t\t\t\t\t<div class=\"elementor-element elementor-element-366b9eb elementor-widget elementor-widget-text-editor\" data-id=\"366b9eb\" data-element_type=\"widget\" data-e-type=\"widget\" data-widget_type=\"text-editor.default\">\n\t\t\t\t<div class=\"elementor-widget-container\">\n\t\t\t\t\t\t\t\t\t<p>OUR MISSION<\/p>\t\t\t\t\t\t\t\t<\/div>\n\t\t\t\t<\/div>\n\t\t\t\t<div class=\"elementor-element elementor-element-92d2da3 elementor-widget elementor-widget-heading\" data-id=\"92d2da3\" data-element_type=\"widget\" data-e-type=\"widget\" data-widget_type=\"heading.default\">\n\t\t\t\t<div class=\"elementor-widget-container\">\n\t\t\t\t\t<h2 class=\"elementor-heading-title elementor-size-default\">Lots of problems. Not enough solutions. And none that actually work.<\/h2>\t\t\t\t<\/div>\n\t\t\t\t<\/div>\n\t\t\t\t<div class=\"elementor-element elementor-element-8421ac7 elementor-widget elementor-widget-text-editor\" data-id=\"8421ac7\" data-element_type=\"widget\" data-e-type=\"widget\" data-widget_type=\"text-editor.default\">\n\t\t\t\t<div class=\"elementor-widget-container\">\n\t\t\t\t\t\t\t\t\t<a class=\"txt-link\" href=\"\/en\/contact\/\">Let us advise you ><\/a>\t\t\t\t\t\t\t\t<\/div>\n\t\t\t\t<\/div>\n\t\t\t\t<section class=\"elementor-section elementor-inner-section elementor-element elementor-element-dfc77c2 elementor-section-boxed elementor-section-height-default elementor-section-height-default\" data-id=\"dfc77c2\" data-element_type=\"section\" data-e-type=\"section\">\n\t\t\t\t\t\t<div class=\"elementor-container elementor-column-gap-default\">\n\t\t\t\t\t<div class=\"elementor-column elementor-col-100 elementor-inner-column elementor-element elementor-element-fa39ae6\" data-id=\"fa39ae6\" data-element_type=\"column\" data-e-type=\"column\">\n\t\t\t<div class=\"elementor-widget-wrap elementor-element-populated\">\n\t\t\t\t\t\t<div class=\"elementor-element elementor-element-54e9110 elementor-widget elementor-widget-text-editor\" data-id=\"54e9110\" data-element_type=\"widget\" data-e-type=\"widget\" data-widget_type=\"text-editor.default\">\n\t\t\t\t<div class=\"elementor-widget-container\">\n\t\t\t\t\t\t\t\t\t<p>clab \u2013 Nachhaltigkeit<\/p><p>In unserem unternehmerischen Denken und Handeln steht der schonende Umgang mit Ressourcen im Mittelpunkt. Unser Produkt ist wiederverwendbar und langlebig. Mit clab k\u00f6nnen gro\u00dfe Berge weg geworfener Arbeitskleidung der Vergangenheit angeh\u00f6ren. Wir arbeiten mit einem regionalen Lieferantennetzwerk zusammen und schonen durch die kurzen Wege die Umwelt. Unsere Verpackungen sind frei von Kunststoffen aus unbeschichteter, recyclebarer Pappe. Au\u00dferdem investieren wir einen Teil unseres Gewinnes in Klimaschutzprojekte.<\/p>\t\t\t\t\t\t\t\t<\/div>\n\t\t\t\t<\/div>\n\t\t\t\t\t<\/div>\n\t\t<\/div>\n\t\t\t\t\t<\/div>\n\t\t<\/section>\n\t\t\t\t\t<\/div>\n\t\t<\/div>\n\t\t\t\t\t<\/div>\n\t\t<\/section>\n\t\t\t\t<section class=\"elementor-section elementor-top-section elementor-element elementor-element-0980e88 elementor-section-boxed elementor-section-height-default elementor-section-height-default\" data-id=\"0980e88\" data-element_type=\"section\" data-e-type=\"section\" data-settings=\"{&quot;background_background&quot;:&quot;classic&quot;}\">\n\t\t\t\t\t\t\t<div class=\"elementor-background-overlay\"><\/div>\n\t\t\t\t\t\t\t<div class=\"elementor-container elementor-column-gap-default\">\n\t\t\t\t\t<div class=\"elementor-column elementor-col-50 elementor-top-column elementor-element elementor-element-c0feddd\" data-id=\"c0feddd\" data-element_type=\"column\" data-e-type=\"column\">\n\t\t\t<div class=\"elementor-widget-wrap elementor-element-populated\">\n\t\t\t\t\t\t<div class=\"elementor-element elementor-element-8f30106 elementor-widget elementor-widget-heading\" data-id=\"8f30106\" data-element_type=\"widget\" data-e-type=\"widget\" data-widget_type=\"heading.default\">\n\t\t\t\t<div class=\"elementor-widget-container\">\n\t\t\t\t\t<h3 class=\"elementor-heading-title elementor-size-default\">Our models<\/h3>\t\t\t\t<\/div>\n\t\t\t\t<\/div>\n\t\t\t\t<div class=\"elementor-element elementor-element-5217dd5 elementor-widget elementor-widget-heading\" data-id=\"5217dd5\" data-element_type=\"widget\" data-e-type=\"widget\" data-widget_type=\"heading.default\">\n\t\t\t\t<div class=\"elementor-widget-container\">\n\t\t\t\t\t<h4 class=\"elementor-heading-title elementor-size-default\">Go large or go small.<\/h4>\t\t\t\t<\/div>\n\t\t\t\t<\/div>\n\t\t\t\t<div class=\"elementor-element elementor-element-928b75d elementor-widget elementor-widget-text-editor\" data-id=\"928b75d\" data-element_type=\"widget\" data-e-type=\"widget\" data-widget_type=\"text-editor.default\">\n\t\t\t\t<div class=\"elementor-widget-container\">\n\t\t\t\t\t\t\t\t\tOur magnetic brand ambassador is available in three versions and four sizes. You can also choose between imitation leather and a version of the same with a metal finish.\t\t\t\t\t\t\t\t<\/div>\n\t\t\t\t<\/div>\n\t\t\t\t<div class=\"elementor-element elementor-element-d9bb337 elementor-align-right elementor-tablet-align-center elementor-widget elementor-widget-button\" data-id=\"d9bb337\" data-element_type=\"widget\" data-e-type=\"widget\" data-widget_type=\"button.default\">\n\t\t\t\t<div class=\"elementor-widget-container\">\n\t\t\t\t\t\t\t\t\t<div class=\"elementor-button-wrapper\">\n\t\t\t\t\t<a class=\"elementor-button elementor-button-link elementor-size-sm\" href=\"\/models\/\">\n\t\t\t\t\t\t<span class=\"elementor-button-content-wrapper\">\n\t\t\t\t\t\t<span class=\"elementor-button-icon\">\n\t\t\t\t<i aria-hidden=\"true\" class=\"fas fa-angle-double-right\"><\/i>\t\t\t<\/span>\n\t\t\t\t\t\t\t\t\t<span class=\"elementor-button-text\">FIND OUT MORE NOW<\/span>\n\t\t\t\t\t<\/span>\n\t\t\t\t\t<\/a>\n\t\t\t\t<\/div>\n\t\t\t\t\t\t\t\t<\/div>\n\t\t\t\t<\/div>\n\t\t\t\t\t<\/div>\n\t\t<\/div>\n\t\t\t\t<div class=\"elementor-column elementor-col-50 elementor-top-column elementor-element elementor-element-7db4947\" data-id=\"7db4947\" data-element_type=\"column\" data-e-type=\"column\">\n\t\t\t<div class=\"elementor-widget-wrap\">\n\t\t\t\t\t\t\t<\/div>\n\t\t<\/div>\n\t\t\t\t\t<\/div>\n\t\t<\/section>\n\t\t\t\t<\/div>\n\t\t","protected":false},"excerpt":{"rendered":"<p>Sustainability True craftsmanship. OUR MISSION Lots of problems. Not enough solutions. And none that actually work. Let us advise you > clab \u2013 Nachhaltigkeit In unserem unternehmerischen Denken und Handeln steht der schonende Umgang mit Ressourcen im Mittelpunkt. Unser Produkt ist wiederverwendbar und langlebig. Mit clab k\u00f6nnen gro\u00dfe Berge weg geworfener Arbeitskleidung der Vergangenheit angeh\u00f6ren. [&hellip;]<\/p>\n","protected":false},"author":3,"featured_media":29930,"parent":0,"menu_order":0,"comment_status":"closed","ping_status":"closed","template":"","meta":{"_acf_changed":false,"footnotes":""},"class_list":["post-11667","page","type-page","status-publish","has-post-thumbnail","hentry"],"acf":[],"yoast_head":"<!-- This site is optimized with the Yoast SEO plugin v26.9 - https:\/\/yoast.com\/product\/yoast-seo-wordpress\/ -->\n<title>Sustainability - clab \u2013 Das erste magnetische Markenlabel der Welt<\/title>\n<meta name=\"robots\" content=\"index, follow, max-snippet:-1, max-image-preview:large, max-video-preview:-1\" \/>\n<link rel=\"canonical\" href=\"https:\/\/clab.de\/en\/sustainability\/\" \/>\n<meta property=\"og:locale\" content=\"en_US\" \/>\n<meta property=\"og:type\" content=\"article\" \/>\n<meta property=\"og:title\" content=\"Sustainability - clab \u2013 Das erste magnetische Markenlabel der Welt\" \/>\n<meta property=\"og:description\" content=\"Sustainability True craftsmanship. OUR MISSION Lots of problems. Not enough solutions. And none that actually work. Let us advise you &gt; clab \u2013 Nachhaltigkeit In unserem unternehmerischen Denken und Handeln steht der schonende Umgang mit Ressourcen im Mittelpunkt. Unser Produkt ist wiederverwendbar und langlebig. Mit clab k\u00f6nnen gro\u00dfe Berge weg geworfener Arbeitskleidung der Vergangenheit angeh\u00f6ren. [&hellip;]\" \/>\n<meta property=\"og:url\" content=\"https:\/\/clab.de\/en\/sustainability\/\" \/>\n<meta property=\"og:site_name\" content=\"clab \u2013 Das erste magnetische Markenlabel der Welt\" \/>\n<meta property=\"article:publisher\" content=\"https:\/\/www.facebook.com\/clab.de\" \/>\n<meta property=\"article:modified_time\" content=\"2021-10-01T09:16:29+00:00\" \/>\n<meta name=\"twitter:card\" content=\"summary_large_image\" \/>\n<meta name=\"twitter:label1\" content=\"Est. reading time\" \/>\n\t<meta name=\"twitter:data1\" content=\"1 minute\" \/>\n<script type=\"application\/ld+json\" class=\"yoast-schema-graph\">{\"@context\":\"https:\/\/schema.org\",\"@graph\":[{\"@type\":\"WebPage\",\"@id\":\"https:\/\/clab.de\/en\/sustainability\/\",\"url\":\"https:\/\/clab.de\/en\/sustainability\/\",\"name\":\"Sustainability - clab \u2013 Das erste magnetische Markenlabel der Welt\",\"isPartOf\":{\"@id\":\"https:\/\/clab.de\/en\/#website\"},\"primaryImageOfPage\":{\"@id\":\"https:\/\/clab.de\/en\/sustainability\/#primaryimage\"},\"image\":{\"@id\":\"https:\/\/clab.de\/en\/sustainability\/#primaryimage\"},\"thumbnailUrl\":\"https:\/\/clab.de\/wp-content\/uploads\/2023\/09\/clab-Andreas-Knoop.png\",\"datePublished\":\"2021-06-09T11:05:14+00:00\",\"dateModified\":\"2021-10-01T09:16:29+00:00\",\"inLanguage\":\"en-US\",\"potentialAction\":[{\"@type\":\"ReadAction\",\"target\":[\"https:\/\/clab.de\/en\/sustainability\/\"]}]},{\"@type\":\"ImageObject\",\"inLanguage\":\"en-US\",\"@id\":\"https:\/\/clab.de\/en\/sustainability\/#primaryimage\",\"url\":\"https:\/\/clab.de\/wp-content\/uploads\/2023\/09\/clab-Andreas-Knoop.png\",\"contentUrl\":\"https:\/\/clab.de\/wp-content\/uploads\/2023\/09\/clab-Andreas-Knoop.png\",\"width\":500,\"height\":500},{\"@type\":\"WebSite\",\"@id\":\"https:\/\/clab.de\/en\/#website\",\"url\":\"https:\/\/clab.de\/en\/\",\"name\":\"clab \u2013 Das erste magnetische Markenlabel der Welt\",\"description\":\"clab ist magnetisch, individuell gestaltbar, nachhaltig und handgefertigt in Deutschland\",\"publisher\":{\"@id\":\"https:\/\/clab.de\/en\/#organization\"},\"potentialAction\":[{\"@type\":\"SearchAction\",\"target\":{\"@type\":\"EntryPoint\",\"urlTemplate\":\"https:\/\/clab.de\/en\/?s={search_term_string}\"},\"query-input\":{\"@type\":\"PropertyValueSpecification\",\"valueRequired\":true,\"valueName\":\"search_term_string\"}}],\"inLanguage\":\"en-US\"},{\"@type\":\"Organization\",\"@id\":\"https:\/\/clab.de\/en\/#organization\",\"name\":\"Clever Label GbR\",\"url\":\"https:\/\/clab.de\/en\/\",\"logo\":{\"@type\":\"ImageObject\",\"inLanguage\":\"en-US\",\"@id\":\"https:\/\/clab.de\/en\/#\/schema\/logo\/image\/\",\"url\":\"https:\/\/clab.de\/wp-content\/uploads\/2021\/03\/clever-label.png\",\"contentUrl\":\"https:\/\/clab.de\/wp-content\/uploads\/2021\/03\/clever-label.png\",\"width\":567,\"height\":152,\"caption\":\"Clever Label GbR\"},\"image\":{\"@id\":\"https:\/\/clab.de\/en\/#\/schema\/logo\/image\/\"},\"sameAs\":[\"https:\/\/www.facebook.com\/clab.de\",\"https:\/\/www.instagram.com\/clab.de\/\"]}]}<\/script>\n<!-- \/ Yoast SEO plugin. -->","yoast_head_json":{"title":"Sustainability - clab \u2013 Das erste magnetische Markenlabel der Welt","robots":{"index":"index","follow":"follow","max-snippet":"max-snippet:-1","max-image-preview":"max-image-preview:large","max-video-preview":"max-video-preview:-1"},"canonical":"https:\/\/clab.de\/en\/sustainability\/","og_locale":"en_US","og_type":"article","og_title":"Sustainability - clab \u2013 Das erste magnetische Markenlabel der Welt","og_description":"Sustainability True craftsmanship. OUR MISSION Lots of problems. Not enough solutions. And none that actually work. Let us advise you > clab \u2013 Nachhaltigkeit In unserem unternehmerischen Denken und Handeln steht der schonende Umgang mit Ressourcen im Mittelpunkt. Unser Produkt ist wiederverwendbar und langlebig. Mit clab k\u00f6nnen gro\u00dfe Berge weg geworfener Arbeitskleidung der Vergangenheit angeh\u00f6ren. [&hellip;]","og_url":"https:\/\/clab.de\/en\/sustainability\/","og_site_name":"clab \u2013 Das erste magnetische Markenlabel der Welt","article_publisher":"https:\/\/www.facebook.com\/clab.de","article_modified_time":"2021-10-01T09:16:29+00:00","twitter_card":"summary_large_image","twitter_misc":{"Est. reading time":"1 minute"},"schema":{"@context":"https:\/\/schema.org","@graph":[{"@type":"WebPage","@id":"https:\/\/clab.de\/en\/sustainability\/","url":"https:\/\/clab.de\/en\/sustainability\/","name":"Sustainability - clab \u2013 Das erste magnetische Markenlabel der Welt","isPartOf":{"@id":"https:\/\/clab.de\/en\/#website"},"primaryImageOfPage":{"@id":"https:\/\/clab.de\/en\/sustainability\/#primaryimage"},"image":{"@id":"https:\/\/clab.de\/en\/sustainability\/#primaryimage"},"thumbnailUrl":"https:\/\/clab.de\/wp-content\/uploads\/2023\/09\/clab-Andreas-Knoop.png","datePublished":"2021-06-09T11:05:14+00:00","dateModified":"2021-10-01T09:16:29+00:00","inLanguage":"en-US","potentialAction":[{"@type":"ReadAction","target":["https:\/\/clab.de\/en\/sustainability\/"]}]},{"@type":"ImageObject","inLanguage":"en-US","@id":"https:\/\/clab.de\/en\/sustainability\/#primaryimage","url":"https:\/\/clab.de\/wp-content\/uploads\/2023\/09\/clab-Andreas-Knoop.png","contentUrl":"https:\/\/clab.de\/wp-content\/uploads\/2023\/09\/clab-Andreas-Knoop.png","width":500,"height":500},{"@type":"WebSite","@id":"https:\/\/clab.de\/en\/#website","url":"https:\/\/clab.de\/en\/","name":"clab \u2013 Das erste magnetische Markenlabel der Welt","description":"clab ist magnetisch, individuell gestaltbar, nachhaltig und handgefertigt in Deutschland","publisher":{"@id":"https:\/\/clab.de\/en\/#organization"},"potentialAction":[{"@type":"SearchAction","target":{"@type":"EntryPoint","urlTemplate":"https:\/\/clab.de\/en\/?s={search_term_string}"},"query-input":{"@type":"PropertyValueSpecification","valueRequired":true,"valueName":"search_term_string"}}],"inLanguage":"en-US"},{"@type":"Organization","@id":"https:\/\/clab.de\/en\/#organization","name":"Clever Label GbR","url":"https:\/\/clab.de\/en\/","logo":{"@type":"ImageObject","inLanguage":"en-US","@id":"https:\/\/clab.de\/en\/#\/schema\/logo\/image\/","url":"https:\/\/clab.de\/wp-content\/uploads\/2021\/03\/clever-label.png","contentUrl":"https:\/\/clab.de\/wp-content\/uploads\/2021\/03\/clever-label.png","width":567,"height":152,"caption":"Clever Label GbR"},"image":{"@id":"https:\/\/clab.de\/en\/#\/schema\/logo\/image\/"},"sameAs":["https:\/\/www.facebook.com\/clab.de","https:\/\/www.instagram.com\/clab.de\/"]}]}},"jetpack_sharing_enabled":true,"_links":{"self":[{"href":"https:\/\/clab.de\/en\/wp-json\/wp\/v2\/pages\/11667","targetHints":{"allow":["GET"]}}],"collection":[{"href":"https:\/\/clab.de\/en\/wp-json\/wp\/v2\/pages"}],"about":[{"href":"https:\/\/clab.de\/en\/wp-json\/wp\/v2\/types\/page"}],"author":[{"embeddable":true,"href":"https:\/\/clab.de\/en\/wp-json\/wp\/v2\/users\/3"}],"replies":[{"embeddable":true,"href":"https:\/\/clab.de\/en\/wp-json\/wp\/v2\/comments?post=11667"}],"version-history":[{"count":0,"href":"https:\/\/clab.de\/en\/wp-json\/wp\/v2\/pages\/11667\/revisions"}],"wp:featuredmedia":[{"embeddable":true,"href":"https:\/\/clab.de\/en\/wp-json\/wp\/v2\/media\/29930"}],"wp:attachment":[{"href":"https:\/\/clab.de\/en\/wp-json\/wp\/v2\/media?parent=11667"}],"curies":[{"name":"wp","href":"https:\/\/api.w.org\/{rel}","templated":true}]}}